{"id":5,"date":"2018-07-23T16:03:37","date_gmt":"2018-07-23T16:03:37","guid":{"rendered":"https:\/\/www.deheson.com\/coto_caza\/?page_id=5"},"modified":"2018-09-07T16:55:52","modified_gmt":"2018-09-07T16:55:52","slug":"inicio","status":"publish","type":"page","link":"https:\/\/www.deheson.com\/coto_caza\/","title":{"rendered":"Inicio"},"content":{"rendered":"[vc_row][vc_column][rev_slider_vc alias=\u00bbslider1&#8243;][\/vc_column][\/vc_row]\n  <section class=\"section\" id=\"section_755167035\">\n      <div class=\"bg section-bg fill bg-fill  bg-loaded\" >\n\n        \n        \n        \n        \n        \n        \n\n      <\/div><!-- .section-bg -->\n\n      <div class=\"section-content relative\">\n        \n<div class=\"row row-full-width align-center\"  id=\"row-459373876\">\n<div class=\"col medium-11 small-12 large-11\"  ><div class=\"col-inner text-center\"  >\n<p><img loading=\"lazy\" class=\"alignnone size-full wp-image-96\" src=\"https:\/\/www.deheson.com\/coto_caza\/wp-content\/uploads\/2018\/07\/Logo-deheson-negro-350px.png\" alt=\"\" width=\"350\" height=\"98\" srcset=\"https:\/\/www.deheson.com\/coto_caza\/wp-content\/uploads\/2018\/07\/Logo-deheson-negro-350px.png 350w, https:\/\/www.deheson.com\/coto_caza\/wp-content\/uploads\/2018\/07\/Logo-deheson-negro-350px-300x84.png 300w\" sizes=\"(max-width: 350px) 100vw, 350px\" \/><\/p>\n<h2 class=\"uppercase\">bienvenidos a Finca el dehes\u00f3n<\/h2>\n<div id=\"tts_button\"><span id=\"result_box\" class=\"\" lang=\"es\"><span class=\"\">Con una superficie de aproximadamente 2000 hect\u00e1reas de paisaje ondulado, intercaladas con grandes extensiones de encina espa\u00f1ola, en lo profundo de la campi\u00f1a manchega, famosa por las historias de Don Quijote y perfecta para la soberbia Perdiz espa\u00f1ola, la finca de caza El Deheson fue fundada por D. Mariano<\/span> <span class=\"\">Barcelo en 1975. Fue su deseo crear la finca deportiva privada m\u00e1s id\u00edlica que se pueda encontrar en cualquier lugar de Espa\u00f1a, donde pudiera entretener a sus invitados.<\/span> <span class=\"\">Su hospitalidad fue legendaria y el hotel privado de 14 habitaciones construido para ese prop\u00f3sito es testimonio de su visi\u00f3n y sin ning\u00fan costo para cumplir con su ambici\u00f3n.<\/span> <span class=\"\">Los invitados disfrutan de excelentes disparos de perdiz, todo ello complementado con una excelente gastronom\u00eda y excelentes vinos.<\/span> <span class=\"\">La experiencia resulta un placer absoluto de principio a fin.<\/span><\/span><\/div>\n<div><span id=\"result_box\" class=\"\" lang=\"es\">Hoy, la familia Barcel\u00f3, ha continuado haci\u00e9ndose cargo de la tarea y de la experiencia de El Dehes\u00f3n. <span class=\"\">Ahora est\u00e1 abierto a todos los cazadores que desean probar el mismo esplendor de los d\u00edas pasados.<\/span><\/span><\/div>\n<p>\u00a0<\/p>\n<\/div><\/div>\n\n<style scope=\"scope\">\n\n<\/style>\n<\/div>\n      <\/div><!-- .section-content -->\n\n      \n<style scope=\"scope\">\n\n#section_755167035 {\n  padding-top: 16px;\n  padding-bottom: 16px;\n  min-height: 280px;\n}\n<\/style>\n  <\/section>\n  \n\n  <div class=\"banner has-hover\" id=\"banner-1106466332\">\n          <div class=\"banner-inner fill\">\n        <div class=\"banner-bg fill\" >\n            <div class=\"bg fill bg-fill \"><\/div>\n                        <div class=\"overlay\"><\/div>            \n                    <\/div><!-- bg-layers -->\n        <div class=\"banner-layers container\">\n            <div class=\"fill banner-link\"><\/div>            \n   <div id=\"text-box-975195021\" class=\"text-box banner-layer x50 md-x50 lg-x50 y50 md-y50 lg-y50 res-text\">\n                                <div class=\"text dark text-shadow-5\">\n              \n              <div class=\"text-inner text-center\">\n                  \n<h3 class=\"uppercase\"><strong>LA FINCA<br \/><\/strong><\/h3>\n<p><span style=\"font-size: 150%;\"><strong>Finca El Dehes\u00f3n est\u00e1 situada en la provincia de Albacete, rodeada de los espectaculares campos de Castilla La Mancha.<\/strong><\/span><\/p>\n              <\/div>\n           <\/div><!-- text-box-inner -->\n                            \n<style scope=\"scope\">\n\n#text-box-975195021 {\n  width: 67%;\n}\n#text-box-975195021 .text {\n  font-size: 100%;\n}\n<\/style>\n    <\/div><!-- text-box -->\n \n        <\/div><!-- .banner-layers -->\n      <\/div><!-- .banner-inner -->\n\n            \n<style scope=\"scope\">\n\n#banner-1106466332 {\n  padding-top: 500px;\n}\n#banner-1106466332 .bg.bg-loaded {\n  background-image: url(https:\/\/www.deheson.com\/coto_caza\/wp-content\/uploads\/2018\/07\/PORTADA1.jpg);\n}\n#banner-1106466332 .overlay {\n  background-color: rgba(0,0,0,.5);\n}\n<\/style>\n  <\/div><!-- .banner -->\n\n\n<div class=\"gap-element\" style=\"display:block; height:auto; padding-top:30px\" class=\"clearfix\"><\/div>\n\n  <div class=\"banner has-hover\" id=\"banner-592123868\">\n          <div class=\"banner-inner fill\">\n        <div class=\"banner-bg fill\" >\n            <div class=\"bg fill bg-fill \"><\/div>\n                        <div class=\"overlay\"><\/div>            \n                    <\/div><!-- bg-layers -->\n        <div class=\"banner-layers container\">\n            <div class=\"fill banner-link\"><\/div>            \n   <div id=\"text-box-1329068601\" class=\"text-box banner-layer x50 md-x50 lg-x50 y50 md-y50 lg-y50 res-text\">\n                                <div class=\"text dark text-shadow-5\">\n              \n              <div class=\"text-inner text-center\">\n                  \n<h3 class=\"uppercase\"><strong>CAZA DE PERDIZ<br \/><\/strong><\/h3>\n<p><strong><span style=\"font-size: 150%;\">Podemos proporcionar jornadas de Caza de 250 a 1000 perdices.<\/span><\/strong><\/p>\n              <\/div>\n           <\/div><!-- text-box-inner -->\n                            \n<style scope=\"scope\">\n\n#text-box-1329068601 {\n  width: 69%;\n}\n#text-box-1329068601 .text {\n  font-size: 100%;\n}\n<\/style>\n    <\/div><!-- text-box -->\n \n        <\/div><!-- .banner-layers -->\n      <\/div><!-- .banner-inner -->\n\n            \n<style scope=\"scope\">\n\n#banner-592123868 {\n  padding-top: 500px;\n}\n#banner-592123868 .bg.bg-loaded {\n  background-image: url(https:\/\/www.deheson.com\/coto_caza\/wp-content\/uploads\/2018\/07\/PORTADA5.jpg);\n}\n#banner-592123868 .overlay {\n  background-color: rgba(0,0,0,.5);\n}\n<\/style>\n  <\/div><!-- .banner -->\n\n\n<div class=\"gap-element\" style=\"display:block; height:auto; padding-top:30px\" class=\"clearfix\"><\/div>\n\n  <div class=\"banner has-hover\" id=\"banner-1716746378\">\n          <div class=\"banner-inner fill\">\n        <div class=\"banner-bg fill\" >\n            <div class=\"bg fill bg-fill \"><\/div>\n                        <div class=\"overlay\"><\/div>            \n                    <\/div><!-- bg-layers -->\n        <div class=\"banner-layers container\">\n            <div class=\"fill banner-link\"><\/div>            \n   <div id=\"text-box-3854482\" class=\"text-box banner-layer x50 md-x50 lg-x50 y50 md-y50 lg-y50 res-text\">\n                                <div class=\"text dark text-shadow-5\">\n              \n              <div class=\"text-inner text-center\">\n                  \n<h3 class=\"uppercase\"><strong>HOTEL LOS CAZADORES<br \/><\/strong><\/h3>\n<p><span style=\"font-size: 150%;\"><strong>Todos los servicios necesarios para que el cazador se sienta c\u00f3modo y la experiencia sea lo m\u00e1s grata posible.<\/strong><\/span><\/p>\n              <\/div>\n           <\/div><!-- text-box-inner -->\n                            \n<style scope=\"scope\">\n\n#text-box-3854482 {\n  width: 67%;\n}\n#text-box-3854482 .text {\n  font-size: 100%;\n}\n<\/style>\n    <\/div><!-- text-box -->\n \n        <\/div><!-- .banner-layers -->\n      <\/div><!-- .banner-inner -->\n\n            \n<style scope=\"scope\">\n\n#banner-1716746378 {\n  padding-top: 500px;\n}\n#banner-1716746378 .bg.bg-loaded {\n  background-image: url(https:\/\/www.deheson.com\/coto_caza\/wp-content\/uploads\/2018\/07\/PORTADA2.jpg);\n}\n#banner-1716746378 .overlay {\n  background-color: rgba(0,0,0,.5);\n}\n#banner-1716746378 .bg {\n  background-position: 54% 38%;\n}\n<\/style>\n  <\/div><!-- .banner -->\n\n\n<div class=\"gap-element\" style=\"display:block; height:auto; padding-top:30px\" class=\"clearfix\"><\/div>\n\n  <div class=\"banner has-hover\" id=\"banner-1627522987\">\n          <div class=\"banner-inner fill\">\n        <div class=\"banner-bg fill\" >\n            <div class=\"bg fill bg-fill \"><\/div>\n                        <div class=\"overlay\"><\/div>            \n                    <\/div><!-- bg-layers -->\n        <div class=\"banner-layers container\">\n            <div class=\"fill banner-link\"><\/div>            \n   <div id=\"text-box-480345797\" class=\"text-box banner-layer x50 md-x50 lg-x50 y50 md-y50 lg-y50 res-text\">\n                                <div class=\"text dark text-shadow-5\">\n              \n              <div class=\"text-inner text-center\">\n                  \n<h3 class=\"uppercase\"><strong>pasi\u00f3n por la caza<br \/><\/strong><\/h3>\n<p><span style=\"font-size: 150%;\"><strong>Desde 1975 ofreciendo a\u00f1o tras a\u00f1o un servicio personalizado para cada cazador que nos visita.<\/strong><\/span><\/p>\n              <\/div>\n           <\/div><!-- text-box-inner -->\n                            \n<style scope=\"scope\">\n\n#text-box-480345797 {\n  width: 66%;\n}\n#text-box-480345797 .text {\n  font-size: 100%;\n}\n<\/style>\n    <\/div><!-- text-box -->\n \n        <\/div><!-- .banner-layers -->\n      <\/div><!-- .banner-inner -->\n\n            \n<style scope=\"scope\">\n\n#banner-1627522987 {\n  padding-top: 500px;\n}\n#banner-1627522987 .bg.bg-loaded {\n  background-image: url(https:\/\/www.deheson.com\/coto_caza\/wp-content\/uploads\/2018\/07\/portada20.jpg);\n}\n#banner-1627522987 .overlay {\n  background-color: rgba(0,0,0,.5);\n}\n<\/style>\n  <\/div><!-- .banner -->\n\n\n  <section class=\"section dark has-mask mask-arrow\" id=\"section_173123905\">\n      <div class=\"bg section-bg fill bg-fill  bg-loaded\" >\n\n        \n        <div class=\"section-bg-overlay absolute fill\"><\/div>\n        \n        \n        \n        \n\t<div class=\"is-border\"\n\t\tstyle=\"border-color:rgb(235, 235, 235);border-width:1px 0px 0px 0px;\">\n\t<\/div>\n\n      <\/div><!-- .section-bg -->\n\n      <div class=\"section-content relative\">\n        \n<div class=\"row\"  id=\"row-231364522\">\n<div class=\"col medium-4 small-12 large-4\"  ><div class=\"col-inner text-shadow-2\"  >\n<h2 class=\"uppercase\">el campo, nuestro mundo. LA CAZA, NUESTRA PASI\u00d3N.<\/h2>\n<p>El Deheson ofrece a sus clientes experiencias de caza a medida, adaptadas a las necesidades individuales de cada cazador. Por lo general, el paquete <em><strong>Todo Incluido<\/strong><\/em> incluye transporte privado de ida y regreso desde los aeropuertos de Madrid o Alicante a la Finca El Deheson. Siempre con el mejor trato de nuestro servicio.<\/p>\n<\/div><\/div>\n<div class=\"col medium-4 small-12 large-4\"  ><div class=\"col-inner text-shadow-2\"  >\n<p>Alojamiento con ba\u00f1o privado para cada cazador. Las jornadas de\u00a0 caza incluyen la comida, bebidas, vino, cerveza, licores, etc., durante la estancia. Uso de escopetas de nuestro amplio armero para aquellos que no deseen traer sus propias armas. Cartuchos y municiones de calidad, ilimitados. Suministro de cargador (secretario) para cada arma (diariamente). Todas las licencias de tiro necesarias y seguro.<\/p>\n<\/div><\/div>\n<div class=\"col medium-4 small-12 large-4\"  ><div class=\"col-inner text-shadow-2\"  >\n<p>Atendemos a equipos de 8 a 10 cazadores y damos la bienvenida a las esposas\/parejas con sus hijos e hijas, si as\u00ed lo desean.<\/p>\n<p>Vivir la experiencia de caza en la Finca El Dehes\u00f3n nos hace sentir especialmente orgullosos dado el resultado de las diferentes jornadas de caza que celebramos a\u00f1o tras a\u00f1o. Una experiencia singular con todo detalle y toda la comodidad para que el cliente se sienta como en su casa.<\/p>\n<\/div><\/div>\n<\/div>\n      <\/div><!-- .section-content -->\n\n      \n<style scope=\"scope\">\n\n#section_173123905 {\n  padding-top: 59px;\n  padding-bottom: 59px;\n  min-height: 300px;\n  background-color: rgb(0, 0, 0);\n}\n#section_173123905 .section-bg-overlay {\n  background-color: rgba(0, 0, 0, 0.4);\n}\n<\/style>\n  <\/section>\n  \n","protected":false},"excerpt":{"rendered":"[vc_row][vc_column][rev_slider_vc alias=\u00bbslider1&#8243;][\/vc_column][\/vc_row]\n","protected":false},"author":1,"featured_media":0,"parent":0,"menu_order":0,"comment_status":"closed","ping_status":"closed","template":"page-transparent-header.php","meta":[],"_links":{"self":[{"href":"https:\/\/www.deheson.com\/coto_caza\/index.php\/wp-json\/wp\/v2\/pages\/5"}],"collection":[{"href":"https:\/\/www.deheson.com\/coto_caza\/index.php\/wp-json\/wp\/v2\/pages"}],"about":[{"href":"https:\/\/www.deheson.com\/coto_caza\/index.php\/wp-json\/wp\/v2\/types\/page"}],"author":[{"embeddable":true,"href":"https:\/\/www.deheson.com\/coto_caza\/index.php\/wp-json\/wp\/v2\/users\/1"}],"replies":[{"embeddable":true,"href":"https:\/\/www.deheson.com\/coto_caza\/index.php\/wp-json\/wp\/v2\/comments?post=5"}],"version-history":[{"count":105,"href":"https:\/\/www.deheson.com\/coto_caza\/index.php\/wp-json\/wp\/v2\/pages\/5\/revisions"}],"predecessor-version":[{"id":851,"href":"https:\/\/www.deheson.com\/coto_caza\/index.php\/wp-json\/wp\/v2\/pages\/5\/revisions\/851"}],"wp:attachment":[{"href":"https:\/\/www.deheson.com\/coto_caza\/index.php\/wp-json\/wp\/v2\/media?parent=5"}],"curies":[{"name":"wp","href":"https:\/\/api.w.org\/{rel}","templated":true}]}}