{"id":47,"date":"2018-07-23T19:56:39","date_gmt":"2018-07-23T19:56:39","guid":{"rendered":"https:\/\/www.deheson.com\/coto_caza\/?page_id=47"},"modified":"2018-09-04T12:16:42","modified_gmt":"2018-09-04T12:16:42","slug":"contacto","status":"publish","type":"page","link":"https:\/\/www.deheson.com\/coto_caza\/index.php\/contacto\/","title":{"rendered":"Contacto"},"content":{"rendered":"[vc_row][vc_column][rev_slider_vc alias=\u00bbslider5-5&#8243;][\/vc_column][\/vc_row]\n  <section class=\"section\" id=\"section_1984455472\">\n      <div class=\"bg section-bg fill bg-fill  \" >\n\n        \n        \n        \n        \n        \n        \n\n      <\/div><!-- .section-bg -->\n\n      <div class=\"section-content relative\">\n        \n<div class=\"row align-center\"  id=\"row-1512279389\">\n<div class=\"col medium-10 small-12 large-10\"  ><div class=\"col-inner text-center text-shadow-2 dark\"  >\n<h2 class=\"uppercase\">CONTACTO<\/h2>\n<p><strong><span style=\"font-size: 140%;\">Si desea informaci\u00f3n sobre reservas, por favor p\u00f3ngase en contacto con nosotros. Estaremos encantados de poder ayudarle.<br \/>\n<\/span><\/strong><\/p>\n<\/div><\/div>\n\n<style scope=\"scope\">\n\n<\/style>\n<\/div>\n      <\/div><!-- .section-content -->\n\n      \n<style scope=\"scope\">\n\n#section_1984455472 {\n  padding-top: 60px;\n  padding-bottom: 60px;\n  min-height: 500px;\n  background-color: rgb(245, 245, 245);\n}\n#section_1984455472 .section-bg.bg-loaded {\n  background-image: url(https:\/\/www.deheson.com\/coto_caza\/wp-content\/uploads\/2018\/07\/928373.jpg);\n}\n<\/style>\n  <\/section>\n  \n  <section class=\"section\" id=\"section_141244296\">\n      <div class=\"bg section-bg fill bg-fill  bg-loaded\" >\n\n        \n        \n        \n        \n        \n        \n\n      <\/div><!-- .section-bg -->\n\n      <div class=\"section-content relative\">\n        \n<div class=\"row align-center\"  id=\"row-141431087\">\n<div class=\"col medium-10 small-12 large-10\"  ><div class=\"col-inner text-center\"  >\n<div id=\"gt-res-content\">\n<h2 dir=\"ltr\"><img loading=\"lazy\" class=\"alignnone size-full wp-image-96\" src=\"https:\/\/www.deheson.com\/coto_caza\/wp-content\/uploads\/2018\/07\/Logo-deheson-negro-350px.png\" alt=\"\" width=\"350\" height=\"98\" srcset=\"https:\/\/www.deheson.com\/coto_caza\/wp-content\/uploads\/2018\/07\/Logo-deheson-negro-350px.png 350w, https:\/\/www.deheson.com\/coto_caza\/wp-content\/uploads\/2018\/07\/Logo-deheson-negro-350px-300x84.png 300w\" sizes=\"(max-width: 350px) 100vw, 350px\" \/><\/h2>\n<h2 id=\"gt-res-dir-ctr\" class=\"trans-verified-button-small\" dir=\"ltr\"><span id=\"result_box\" class=\"\" lang=\"es\"><span class=\"\">INFORMACION Y RESERVAS<\/span><\/span><\/h2>\n<div class=\"trans-verified-button-small\" dir=\"ltr\"><span id=\"result_box\" class=\"\" lang=\"es\"><span class=\"\">Ideal para equipos de 8 a 10 cazadores adem\u00e1s de sus parejas o hijos, si as\u00ed lo desean.<\/span><br \/>\n<span class=\"\">Podemos proporcionar jornadas de caza de perdiz de 250 a 1000 aves.<\/span><br \/>\n<span class=\"\">\u00bfQui\u00e9res probar algo diferente? \u00bfPor qu\u00e9 no experimentar la pasi\u00f3n espa\u00f1ola por el tiro al blanco en vivo con aves completamente impredecibles? No te decepcionar\u00e1.<\/span><br \/>\n<span class=\"\">Adem\u00e1s, te sorprender\u00e1 gratamente nuestras tarifas y paquetes.<\/span><br \/>\n<span class=\"\">\u00bfPor qu\u00e9 no disfrutar del sol radiante en Espa\u00f1a durante febrero? Nuestra temporada de perdiz termina el 28 de febrero y cazamos todos los d\u00edas, incluidos los domingos.<\/span><\/span><\/div>\n<div dir=\"ltr\">SOLICITA INFORMACI\u00d3N.<\/div>\n<\/div>\n<\/div><\/div>\n\n<style scope=\"scope\">\n\n<\/style>\n<\/div>\n      <\/div><!-- .section-content -->\n\n      \n<style scope=\"scope\">\n\n#section_141244296 {\n  padding-top: 60px;\n  padding-bottom: 60px;\n  min-height: 425px;\n}\n\n\n@media (min-width:550px) {\n\n  #section_141244296 {\n    min-height: 311px;\n  }\n\n}\n<\/style>\n  <\/section>\n  \n  <section class=\"section dark has-mask mask-arrow\" id=\"section_1177212341\">\n      <div class=\"bg section-bg fill bg-fill  bg-loaded\" >\n\n        \n        <div class=\"section-bg-overlay absolute fill\"><\/div>\n        \n        \n        \n        \n\t<div class=\"is-border\"\n\t\tstyle=\"border-color:rgb(235, 235, 235);border-width:1px 0px 0px 0px;\">\n\t<\/div>\n\n      <\/div><!-- .section-bg -->\n\n      <div class=\"section-content relative\">\n        \n<div class=\"row\"  id=\"row-172357508\">\n<div class=\"col medium-4 small-12 large-4\"  ><div class=\"col-inner text-shadow-2\"  >\n<h2 style=\"text-align: center;\"><strong>FINCA EL DEHES\u00d3N<br \/>\n<\/strong><\/h2>\n<div id=\"custom_html-4\" class=\"widget_text col pb-0 widget widget_custom_html\">\n<div class=\"textwidget custom-html-widget\">\n<p style=\"text-align: center;\"><strong>Carretera de \u00dcbeda, Km. 303<\/strong><\/p>\n<p style=\"text-align: center;\"><strong>02340 El Jard\u00edn (Albacete) Spain<br \/>\n<\/strong><\/p>\n<p style=\"text-align: center;\"><strong>INFORMACI\u00d3N Y RESERVAS<\/strong><\/p>\n<p style=\"text-align: center;\"><strong>Telf.: +34 649 436 552<\/strong><\/p>\n<p style=\"text-align: center;\"><strong>alfredobarcelo@deheson.com<\/strong><\/p>\n<p style=\"text-align: center;\"><strong>Telf.: +34 608 534 336<\/strong><\/p>\n<p style=\"text-align: center;\"><strong>marianobarcelo@deheson.com<\/strong><\/p>\n<p style=\"text-align: center;\"><strong>info@deheson.com &#8211; <\/strong><strong>www.deheson.com<\/strong><\/p>\n<p><img loading=\"lazy\" class=\"alignnone size-full wp-image-692\" src=\"https:\/\/www.deheson.com\/coto_caza\/wp-content\/uploads\/2018\/09\/848433.jpg\" alt=\"\" width=\"532\" height=\"140\" srcset=\"https:\/\/www.deheson.com\/coto_caza\/wp-content\/uploads\/2018\/09\/848433.jpg 532w, https:\/\/www.deheson.com\/coto_caza\/wp-content\/uploads\/2018\/09\/848433-300x79.jpg 300w\" sizes=\"(max-width: 532px) 100vw, 532px\" \/><\/p>\n<\/div>\n<\/div>\n<\/div><\/div>\n<div class=\"col medium-8 small-12 large-8\"  ><div class=\"col-inner text-shadow-2\"  >\n<p><strong>FORMULARIO DE CONTACTO<\/strong><\/p>\n<div role=\"form\" class=\"wpcf7\" id=\"wpcf7-f61-o1\" lang=\"es-ES\" dir=\"ltr\">\n<div class=\"screen-reader-response\"><p role=\"status\" aria-live=\"polite\" aria-atomic=\"true\"><\/p> <ul><\/ul><\/div>\n<form action=\"\/coto_caza\/index.php\/wp-json\/wp\/v2\/pages\/47#wpcf7-f61-o1\" method=\"post\" class=\"wpcf7-form init\" novalidate=\"novalidate\" data-status=\"init\">\n<div style=\"display: none;\">\n<input type=\"hidden\" name=\"_wpcf7\" value=\"61\" \/>\n<input type=\"hidden\" name=\"_wpcf7_version\" value=\"5.5.6\" \/>\n<input type=\"hidden\" name=\"_wpcf7_locale\" value=\"es_ES\" \/>\n<input type=\"hidden\" name=\"_wpcf7_unit_tag\" value=\"wpcf7-f61-o1\" \/>\n<input type=\"hidden\" name=\"_wpcf7_container_post\" value=\"0\" \/>\n<input type=\"hidden\" name=\"_wpcf7_posted_data_hash\" value=\"\" \/>\n<\/div>\n<p><label> Tu nombre (requerido)<br \/>\n    <span class=\"wpcf7-form-control-wrap your-name\"><input type=\"text\" name=\"your-name\" value=\"\" size=\"40\" class=\"wpcf7-form-control wpcf7-text wpcf7-validates-as-required\" aria-required=\"true\" aria-invalid=\"false\" \/><\/span> <\/label><\/p>\n<p><label> Tu correo electr\u00f3nico (requerido)<br \/>\n    <span class=\"wpcf7-form-control-wrap your-email\"><input type=\"email\" name=\"your-email\" value=\"\" size=\"40\" class=\"wpcf7-form-control wpcf7-text wpcf7-email wpcf7-validates-as-required wpcf7-validates-as-email\" aria-required=\"true\" aria-invalid=\"false\" \/><\/span> <\/label><\/p>\n<p><label> Asunto<br \/>\n    <span class=\"wpcf7-form-control-wrap your-subject\"><input type=\"text\" name=\"your-subject\" value=\"\" size=\"40\" class=\"wpcf7-form-control wpcf7-text\" aria-invalid=\"false\" \/><\/span> <\/label><\/p>\n<p><label> Tu mensaje<br \/>\n    <span class=\"wpcf7-form-control-wrap your-message\"><textarea name=\"your-message\" cols=\"40\" rows=\"10\" class=\"wpcf7-form-control wpcf7-textarea\" aria-invalid=\"false\"><\/textarea><\/span> <\/label><\/p>\n<p><input type=\"submit\" value=\"Enviar\" class=\"wpcf7-form-control has-spinner wpcf7-submit\" \/><\/p>\n<p><span class=\"wpcf7-form-control-wrap acceptance-472\"><span class=\"wpcf7-form-control wpcf7-acceptance\"><span class=\"wpcf7-list-item\"><label><input type=\"checkbox\" name=\"acceptance-472\" value=\"1\" aria-invalid=\"false\" \/><span class=\"wpcf7-list-item-label\">Acepto la pol\u00edtica de Privacidad<\/span><\/label><\/span><\/span><\/span><\/p>\n<div class=\"wpcf7-response-output\" aria-hidden=\"true\"><\/div><\/form><\/div>\n<\/div><\/div>\n<\/div>\n      <\/div><!-- .section-content -->\n\n      \n<style scope=\"scope\">\n\n#section_1177212341 {\n  padding-top: 59px;\n  padding-bottom: 59px;\n  min-height: 300px;\n  background-color: rgb(0, 0, 0);\n}\n#section_1177212341 .section-bg-overlay {\n  background-color: rgba(0, 0, 0, 0.4);\n}\n<\/style>\n  <\/section>\n  \n  <section class=\"section\" id=\"section_1565999916\">\n      <div class=\"bg section-bg fill bg-fill  \" >\n\n        \n        \n        \n        \n        \n        \n\n      <\/div><!-- .section-bg -->\n\n      <div class=\"section-content relative\">\n        \n<div class=\"row align-center\"  id=\"row-1542431086\">\n<div class=\"col medium-10 small-12 large-10\"  ><div class=\"col-inner text-center text-shadow-2 dark\"  >\n<p><img loading=\"lazy\" class=\"size-full wp-image-383 aligncenter\" src=\"https:\/\/www.deheson.com\/coto_caza\/wp-content\/uploads\/2018\/08\/Logo-deheson-video.png\" alt=\"\" width=\"1200\" height=\"335\" srcset=\"https:\/\/www.deheson.com\/coto_caza\/wp-content\/uploads\/2018\/08\/Logo-deheson-video.png 1200w, https:\/\/www.deheson.com\/coto_caza\/wp-content\/uploads\/2018\/08\/Logo-deheson-video-300x84.png 300w, https:\/\/www.deheson.com\/coto_caza\/wp-content\/uploads\/2018\/08\/Logo-deheson-video-768x214.png 768w, https:\/\/www.deheson.com\/coto_caza\/wp-content\/uploads\/2018\/08\/Logo-deheson-video-1024x286.png 1024w\" sizes=\"(max-width: 1200px) 100vw, 1200px\" \/><\/p>\n<\/div><\/div>\n\n<style scope=\"scope\">\n\n<\/style>\n<\/div>\n      <\/div><!-- .section-content -->\n\n      \n<style scope=\"scope\">\n\n#section_1565999916 {\n  padding-top: 60px;\n  padding-bottom: 60px;\n  min-height: 425px;\n  background-color: rgb(245, 245, 245);\n}\n#section_1565999916 .section-bg.bg-loaded {\n  background-image: url(https:\/\/www.deheson.com\/coto_caza\/wp-content\/uploads\/2018\/08\/dehe1.jpg);\n}\n\n\n@media (min-width:550px) {\n\n  #section_1565999916 {\n    min-height: 560px;\n  }\n\n}\n<\/style>\n  <\/section>\n  \n<div class=\"gap-element\" style=\"display:block; height:auto; padding-top:30px\" class=\"clearfix\"><\/div>\n","protected":false},"excerpt":{"rendered":"[vc_row][vc_column][rev_slider_vc alias=\u00bbslider5-5&#8243;][\/vc_column][\/vc_row]\n","protected":false},"author":1,"featured_media":0,"parent":0,"menu_order":0,"comment_status":"closed","ping_status":"closed","template":"page-blank.php","meta":[],"_links":{"self":[{"href":"https:\/\/www.deheson.com\/coto_caza\/index.php\/wp-json\/wp\/v2\/pages\/47"}],"collection":[{"href":"https:\/\/www.deheson.com\/coto_caza\/index.php\/wp-json\/wp\/v2\/pages"}],"about":[{"href":"https:\/\/www.deheson.com\/coto_caza\/index.php\/wp-json\/wp\/v2\/types\/page"}],"author":[{"embeddable":true,"href":"https:\/\/www.deheson.com\/coto_caza\/index.php\/wp-json\/wp\/v2\/users\/1"}],"replies":[{"embeddable":true,"href":"https:\/\/www.deheson.com\/coto_caza\/index.php\/wp-json\/wp\/v2\/comments?post=47"}],"version-history":[{"count":50,"href":"https:\/\/www.deheson.com\/coto_caza\/index.php\/wp-json\/wp\/v2\/pages\/47\/revisions"}],"predecessor-version":[{"id":831,"href":"https:\/\/www.deheson.com\/coto_caza\/index.php\/wp-json\/wp\/v2\/pages\/47\/revisions\/831"}],"wp:attachment":[{"href":"https:\/\/www.deheson.com\/coto_caza\/index.php\/wp-json\/wp\/v2\/media?parent=47"}],"curies":[{"name":"wp","href":"https:\/\/api.w.org\/{rel}","templated":true}]}}