{"id":19,"date":"2018-07-23T16:17:52","date_gmt":"2018-07-23T16:17:52","guid":{"rendered":"https:\/\/www.deheson.com\/coto_caza\/?page_id=19"},"modified":"2018-09-03T17:27:07","modified_gmt":"2018-09-03T17:27:07","slug":"la-finca","status":"publish","type":"page","link":"https:\/\/www.deheson.com\/coto_caza\/index.php\/la-finca\/","title":{"rendered":"La Finca"},"content":{"rendered":"[vc_row][vc_column][rev_slider_vc alias=\u00bbslider12&#8243;][\/vc_column][\/vc_row]\n  <section class=\"section\" id=\"section_1180640140\">\n      <div class=\"bg section-bg fill bg-fill  \" >\n\n        \n        \n        \n        \n        \n        \n\n      <\/div><!-- .section-bg -->\n\n      <div class=\"section-content relative\">\n        \n<div class=\"row align-center\"  id=\"row-1491778736\">\n<div class=\"col medium-10 small-12 large-10\"  ><div class=\"col-inner text-center text-shadow-2 dark\"  >\n<p>\u00a0<\/p>\n<h2 class=\"uppercase\">FINCA EL DEHES\u00d3N DESDE 1975<\/h2>\n<p><strong><span style=\"font-size: 140%;\">Nuestra experiencia nos obliga a mejorar d\u00eda a d\u00eda para\u00a0 poder seguir ofrenciendo el mejor servicio a nuestros cazadores.<\/span><\/strong><\/p>\n<\/div><\/div>\n\n<style scope=\"scope\">\n\n<\/style>\n<\/div>\n      <\/div><!-- .section-content -->\n\n      \n<style scope=\"scope\">\n\n#section_1180640140 {\n  padding-top: 60px;\n  padding-bottom: 60px;\n  min-height: 500px;\n  background-color: rgb(245, 245, 245);\n}\n#section_1180640140 .section-bg.bg-loaded {\n  background-image: url(https:\/\/www.deheson.com\/coto_caza\/wp-content\/uploads\/2018\/07\/928373.jpg);\n}\n<\/style>\n  <\/section>\n  \n  <section class=\"section dark has-mask mask-arrow\" id=\"section_1911152893\">\n      <div class=\"bg section-bg fill bg-fill  bg-loaded\" >\n\n        \n        <div class=\"section-bg-overlay absolute fill\"><\/div>\n        \n        \n        \n        \n\t<div class=\"is-border\"\n\t\tstyle=\"border-color:rgb(235, 235, 235);border-width:1px 0px 0px 0px;\">\n\t<\/div>\n\n      <\/div><!-- .section-bg -->\n\n      <div class=\"section-content relative\">\n        \n<div class=\"row\"  id=\"row-1535257265\">\n<div class=\"col medium-4 small-12 large-4\"  ><div class=\"col-inner text-shadow-2\"  >\n<h2>FINCA EL DEHES\u00d3N<\/h2>\n<p>EL DEHESON est\u00e1 situado en El Jard\u00edn, en la famosa zona de caza de perdiz en Espa\u00f1a de LA MANCHA. La enorme belleza de su bosque mediterr\u00e1neo, es el resultado de la pol\u00edtica de conservaci\u00f3n llevada a cabo durante d\u00e9cadas por la familia Barcel\u00f3, encabezada por su fundador D. Mariano Barcel\u00f3.<\/p>\n<\/div><\/div>\n<div class=\"col medium-4 small-12 large-4\"  ><div class=\"col-inner text-shadow-2\"  >\n<p>La Finca tiene dos elegantes mansiones, en la gran tradici\u00f3n de las casas de campo espa\u00f1olas. Una de las mansiones la utiliza la familia del propietario y la otra es para uso exclusivo de los clientes. La mansi\u00f3n de los clientes, tiene calefacci\u00f3n central y todas las comodidades modernas con comedor, salas de estar, sala de juegos, bar y 14 habitaciones con ba\u00f1o privado en cada una de ellas.<\/p>\n<\/div><\/div>\n<div class=\"col medium-4 small-12 large-4\"  ><div class=\"col-inner text-shadow-2\"  >\n<p>Todas las habitaciones tienen una vista maravillosa de la sierra circundante. Los muebles y decoraci\u00f3n interior han sido cuidados hasta en el m\u00e1s peque\u00f1o detalle. Todo un entorno natural y puro donde diferentes especies animales conviven en un habitat inigualable, altamente mimado y cuidado por los responsables de la finca.<\/p>\n<\/div><\/div>\n<\/div>\n      <\/div><!-- .section-content -->\n\n      \n<style scope=\"scope\">\n\n#section_1911152893 {\n  padding-top: 59px;\n  padding-bottom: 59px;\n  min-height: 300px;\n  background-color: rgb(0, 0, 0);\n}\n#section_1911152893 .section-bg-overlay {\n  background-color: rgba(0, 0, 0, 0.4);\n}\n<\/style>\n  <\/section>\n  \n  <section class=\"section dark\" id=\"section_1479415239\">\n      <div class=\"bg section-bg fill bg-fill  \" >\n\n        \n        \n        \n        \n        \n        \n\n      <\/div><!-- .section-bg -->\n\n      <div class=\"section-content relative\">\n        \n<div class=\"row align-center\"  id=\"row-1319888858\">\n<div class=\"col medium-10 small-12 large-10\"  ><div class=\"col-inner text-center\"  >\n<\/div><\/div>\n\n<style scope=\"scope\">\n\n<\/style>\n<\/div>\n      <\/div><!-- .section-content -->\n\n      \n<style scope=\"scope\">\n\n#section_1479415239 {\n  padding-top: 60px;\n  padding-bottom: 60px;\n  min-height: 600px;\n  background-color: rgb(245, 245, 245);\n}\n#section_1479415239 .section-bg.bg-loaded {\n  background-image: url(https:\/\/www.deheson.com\/coto_caza\/wp-content\/uploads\/2018\/07\/543234t5.jpg);\n}\n#section_1479415239 .section-bg {\n  background-position: 22% 5%;\n}\n<\/style>\n  <\/section>\n  \n<div class=\"gap-element\" style=\"display:block; height:auto; padding-top:30px\" class=\"clearfix\"><\/div>\n  <section class=\"section dark\" id=\"section_783652025\">\n      <div class=\"bg section-bg fill bg-fill  \" >\n\n        \n        \n        \n        \n        \n        \n\n      <\/div><!-- .section-bg -->\n\n      <div class=\"section-content relative\">\n        \n<div class=\"row align-center\"  id=\"row-655756016\">\n<div class=\"col medium-10 small-12 large-10\"  ><div class=\"col-inner text-center\"  >\n<\/div><\/div>\n\n<style scope=\"scope\">\n\n<\/style>\n<\/div>\n      <\/div><!-- .section-content -->\n\n      \n<style scope=\"scope\">\n\n#section_783652025 {\n  padding-top: 60px;\n  padding-bottom: 60px;\n  min-height: 600px;\n  background-color: rgb(245, 245, 245);\n}\n#section_783652025 .section-bg.bg-loaded {\n  background-image: url(https:\/\/www.deheson.com\/coto_caza\/wp-content\/uploads\/2018\/07\/9928272.jpg);\n}\n#section_783652025 .section-bg {\n  background-position: 37% 6%;\n}\n<\/style>\n  <\/section>\n  \n<div class=\"gap-element\" style=\"display:block; height:auto; padding-top:30px\" class=\"clearfix\"><\/div>\n  <section class=\"section dark\" id=\"section_147103796\">\n      <div class=\"bg section-bg fill bg-fill  \" >\n\n        \n        \n        \n        \n        \n        \n\n      <\/div><!-- .section-bg -->\n\n      <div class=\"section-content relative\">\n        \n<div class=\"row align-center\"  id=\"row-2067754866\">\n<div class=\"col medium-10 small-12 large-10\"  ><div class=\"col-inner text-center\"  >\n<\/div><\/div>\n\n<style scope=\"scope\">\n\n<\/style>\n<\/div>\n      <\/div><!-- .section-content -->\n\n      \n<style scope=\"scope\">\n\n#section_147103796 {\n  padding-top: 60px;\n  padding-bottom: 60px;\n  min-height: 600px;\n  background-color: rgb(245, 245, 245);\n}\n#section_147103796 .section-bg.bg-loaded {\n  background-image: url(https:\/\/www.deheson.com\/coto_caza\/wp-content\/uploads\/2018\/07\/883739.jpg);\n}\n#section_147103796 .section-bg {\n  background-position: 45% 1%;\n}\n<\/style>\n  <\/section>\n  \n<div class=\"gap-element\" style=\"display:block; height:auto; padding-top:30px\" class=\"clearfix\"><\/div>\n  <section class=\"section dark\" id=\"section_860309264\">\n      <div class=\"bg section-bg fill bg-fill  \" >\n\n        \n        \n        \n        \n        \n        \n\n      <\/div><!-- .section-bg -->\n\n      <div class=\"section-content relative\">\n        \n<div class=\"row align-center\"  id=\"row-925301833\">\n<div class=\"col medium-10 small-12 large-10\"  ><div class=\"col-inner text-center\"  >\n<\/div><\/div>\n\n<style scope=\"scope\">\n\n<\/style>\n<\/div>\n      <\/div><!-- .section-content -->\n\n      \n<style scope=\"scope\">\n\n#section_860309264 {\n  padding-top: 60px;\n  padding-bottom: 60px;\n  min-height: 600px;\n  background-color: rgb(245, 245, 245);\n}\n#section_860309264 .section-bg.bg-loaded {\n  background-image: url(https:\/\/www.deheson.com\/coto_caza\/wp-content\/uploads\/2018\/07\/88393937.jpg);\n}\n#section_860309264 .section-bg {\n  background-position: 0% 0%;\n}\n<\/style>\n  <\/section>\n  \n<div class=\"gap-element\" style=\"display:block; height:auto; padding-top:30px\" class=\"clearfix\"><\/div>\n  <section class=\"section dark\" id=\"section_213754539\">\n      <div class=\"bg section-bg fill bg-fill  \" >\n\n        \n        \n        \n        \n        \n        \n\n      <\/div><!-- .section-bg -->\n\n      <div class=\"section-content relative\">\n        \n<div class=\"row align-center\"  id=\"row-811878771\">\n<div class=\"col medium-10 small-12 large-10\"  ><div class=\"col-inner text-center\"  >\n<\/div><\/div>\n\n<style scope=\"scope\">\n\n<\/style>\n<\/div>\n      <\/div><!-- .section-content -->\n\n      \n<style scope=\"scope\">\n\n#section_213754539 {\n  padding-top: 60px;\n  padding-bottom: 60px;\n  min-height: 600px;\n  background-color: rgb(245, 245, 245);\n}\n#section_213754539 .section-bg.bg-loaded {\n  background-image: url(https:\/\/www.deheson.com\/coto_caza\/wp-content\/uploads\/2018\/07\/99988276.jpg);\n}\n<\/style>\n  <\/section>\n  \n<div class=\"gap-element\" style=\"display:block; height:auto; padding-top:30px\" class=\"clearfix\"><\/div>\n  <section class=\"section dark\" id=\"section_481922965\">\n      <div class=\"bg section-bg fill bg-fill  \" >\n\n        \n        \n        \n        \n        \n        \n\n      <\/div><!-- .section-bg -->\n\n      <div class=\"section-content relative\">\n        \n<div class=\"row align-center\"  id=\"row-1511633609\">\n<div class=\"col medium-10 small-12 large-10\"  ><div class=\"col-inner text-center\"  >\n<\/div><\/div>\n\n<style scope=\"scope\">\n\n<\/style>\n<\/div>\n      <\/div><!-- .section-content -->\n\n      \n<style scope=\"scope\">\n\n#section_481922965 {\n  padding-top: 60px;\n  padding-bottom: 60px;\n  min-height: 600px;\n  background-color: rgb(245, 245, 245);\n}\n#section_481922965 .section-bg.bg-loaded {\n  background-image: url(https:\/\/www.deheson.com\/coto_caza\/wp-content\/uploads\/2018\/07\/9928265.jpg);\n}\n<\/style>\n  <\/section>\n  \n<div class=\"gap-element\" style=\"display:block; height:auto; padding-top:30px\" class=\"clearfix\"><\/div>\n  <section class=\"section dark\" id=\"section_1227755037\">\n      <div class=\"bg section-bg fill bg-fill  \" >\n\n        \n        \n        \n        \n        \n        \n\n      <\/div><!-- .section-bg -->\n\n      <div class=\"section-content relative\">\n        \n<div class=\"row align-center\"  id=\"row-56497567\">\n<div class=\"col medium-10 small-12 large-10\"  ><div class=\"col-inner text-center\"  >\n<\/div><\/div>\n\n<style scope=\"scope\">\n\n<\/style>\n<\/div>\n      <\/div><!-- .section-content -->\n\n      \n<style scope=\"scope\">\n\n#section_1227755037 {\n  padding-top: 60px;\n  padding-bottom: 60px;\n  min-height: 600px;\n  background-color: rgb(245, 245, 245);\n}\n#section_1227755037 .section-bg.bg-loaded {\n  background-image: url(https:\/\/www.deheson.com\/coto_caza\/wp-content\/uploads\/2018\/07\/8777339.jpg);\n}\n<\/style>\n  <\/section>\n  \n<div class=\"gap-element\" style=\"display:block; height:auto; padding-top:30px\" class=\"clearfix\"><\/div>\n  <section class=\"section dark\" id=\"section_2065017959\">\n      <div class=\"bg section-bg fill bg-fill  \" >\n\n        \n        \n        \n        \n        \n        \n\n      <\/div><!-- .section-bg -->\n\n      <div class=\"section-content relative\">\n        \n<div class=\"row align-center\"  id=\"row-1504237457\">\n<div class=\"col medium-10 small-12 large-10\"  ><div class=\"col-inner text-center\"  >\n<\/div><\/div>\n\n<style scope=\"scope\">\n\n<\/style>\n<\/div>\n      <\/div><!-- .section-content -->\n\n      \n<style scope=\"scope\">\n\n#section_2065017959 {\n  padding-top: 60px;\n  padding-bottom: 60px;\n  min-height: 600px;\n  background-color: rgb(245, 245, 245);\n}\n#section_2065017959 .section-bg.bg-loaded {\n  background-image: url(https:\/\/www.deheson.com\/coto_caza\/wp-content\/uploads\/2018\/08\/galery54.jpg);\n}\n<\/style>\n  <\/section>\n  \n<div class=\"gap-element\" style=\"display:block; height:auto; padding-top:30px\" class=\"clearfix\"><\/div>\n  <section class=\"section dark\" id=\"section_1544007829\">\n      <div class=\"bg section-bg fill bg-fill  \" >\n\n        \n        \n        \n        \n        \n        \n\n      <\/div><!-- .section-bg -->\n\n      <div class=\"section-content relative\">\n        \n<div class=\"row align-center\"  id=\"row-345990323\">\n<div class=\"col medium-10 small-12 large-10\"  ><div class=\"col-inner text-center\"  >\n<\/div><\/div>\n\n<style scope=\"scope\">\n\n<\/style>\n<\/div>\n      <\/div><!-- .section-content -->\n\n      \n<style scope=\"scope\">\n\n#section_1544007829 {\n  padding-top: 60px;\n  padding-bottom: 60px;\n  min-height: 600px;\n  background-color: rgb(245, 245, 245);\n}\n#section_1544007829 .section-bg.bg-loaded {\n  background-image: url(https:\/\/www.deheson.com\/coto_caza\/wp-content\/uploads\/2018\/08\/44233234.jpg);\n}\n<\/style>\n  <\/section>\n  \n<div class=\"gap-element\" style=\"display:block; height:auto; padding-top:30px\" class=\"clearfix\"><\/div>\n  <section class=\"section dark\" id=\"section_1894116155\">\n      <div class=\"bg section-bg fill bg-fill  \" >\n\n        \n        \n        \n        \n        \n        \n\n      <\/div><!-- .section-bg -->\n\n      <div class=\"section-content relative\">\n        \n<div class=\"row align-center\"  id=\"row-1175565523\">\n<div class=\"col medium-10 small-12 large-10\"  ><div class=\"col-inner text-center\"  >\n<\/div><\/div>\n\n<style scope=\"scope\">\n\n<\/style>\n<\/div>\n      <\/div><!-- .section-content -->\n\n      \n<style scope=\"scope\">\n\n#section_1894116155 {\n  padding-top: 60px;\n  padding-bottom: 60px;\n  min-height: 600px;\n  background-color: rgb(245, 245, 245);\n}\n#section_1894116155 .section-bg.bg-loaded {\n  background-image: url(https:\/\/www.deheson.com\/coto_caza\/wp-content\/uploads\/2018\/08\/PORTADA14.jpg);\n}\n<\/style>\n  <\/section>\n  \n<div class=\"gap-element\" style=\"display:block; height:auto; padding-top:30px\" class=\"clearfix\"><\/div>\n  <section class=\"section dark\" id=\"section_638267323\">\n      <div class=\"bg section-bg fill bg-fill  \" >\n\n        \n        \n        \n        \n        \n        \n\n      <\/div><!-- .section-bg -->\n\n      <div class=\"section-content relative\">\n        \n<div class=\"row align-center\"  id=\"row-2002951327\">\n<div class=\"col medium-10 small-12 large-10\"  ><div class=\"col-inner text-center\"  >\n<\/div><\/div>\n\n<style scope=\"scope\">\n\n<\/style>\n<\/div>\n      <\/div><!-- .section-content -->\n\n      \n<style scope=\"scope\">\n\n#section_638267323 {\n  padding-top: 60px;\n  padding-bottom: 60px;\n  min-height: 600px;\n  background-color: rgb(245, 245, 245);\n}\n#section_638267323 .section-bg.bg-loaded {\n  background-image: url(https:\/\/www.deheson.com\/coto_caza\/wp-content\/uploads\/2018\/08\/galery55.jpg);\n}\n<\/style>\n  <\/section>\n  \n<div class=\"gap-element\" style=\"display:block; height:auto; padding-top:30px\" class=\"clearfix\"><\/div>\n  <section class=\"section dark\" id=\"section_400673189\">\n      <div class=\"bg section-bg fill bg-fill  \" >\n\n        \n        \n        \n        \n        \n        \n\n      <\/div><!-- .section-bg -->\n\n      <div class=\"section-content relative\">\n        \n<div class=\"row align-center\"  id=\"row-1920722146\">\n<div class=\"col medium-10 small-12 large-10\"  ><div class=\"col-inner text-center\"  >\n<\/div><\/div>\n\n<style scope=\"scope\">\n\n<\/style>\n<\/div>\n      <\/div><!-- .section-content -->\n\n      \n<style scope=\"scope\">\n\n#section_400673189 {\n  padding-top: 60px;\n  padding-bottom: 60px;\n  min-height: 600px;\n  background-color: rgb(245, 245, 245);\n}\n#section_400673189 .section-bg.bg-loaded {\n  background-image: url(https:\/\/www.deheson.com\/coto_caza\/wp-content\/uploads\/2018\/08\/galery52.jpg);\n}\n<\/style>\n  <\/section>\n  \n<div class=\"gap-element\" style=\"display:block; height:auto; padding-top:30px\" class=\"clearfix\"><\/div>\n  <section class=\"section dark\" id=\"section_677799960\">\n      <div class=\"bg section-bg fill bg-fill  \" >\n\n        \n        \n        \n        \n        \n        \n\n      <\/div><!-- .section-bg -->\n\n      <div class=\"section-content relative\">\n        \n<div class=\"row align-center\"  id=\"row-678216173\">\n<div class=\"col medium-10 small-12 large-10\"  ><div class=\"col-inner text-center\"  >\n<\/div><\/div>\n\n<style scope=\"scope\">\n\n<\/style>\n<\/div>\n      <\/div><!-- .section-content -->\n\n      \n<style scope=\"scope\">\n\n#section_677799960 {\n  padding-top: 60px;\n  padding-bottom: 60px;\n  min-height: 600px;\n  background-color: rgb(245, 245, 245);\n}\n#section_677799960 .section-bg.bg-loaded {\n  background-image: url(https:\/\/www.deheson.com\/coto_caza\/wp-content\/uploads\/2018\/08\/foto-slider-4.jpg);\n}\n<\/style>\n  <\/section>\n  \n<div class=\"gap-element\" style=\"display:block; height:auto; padding-top:30px\" class=\"clearfix\"><\/div>\n  <section class=\"section dark\" id=\"section_223084860\">\n      <div class=\"bg section-bg fill bg-fill  \" >\n\n        \n        \n        \n        \n        \n        \n\n      <\/div><!-- .section-bg -->\n\n      <div class=\"section-content relative\">\n        \n<div class=\"row align-center\"  id=\"row-1903295317\">\n<div class=\"col medium-10 small-12 large-10\"  ><div class=\"col-inner text-center\"  >\n<\/div><\/div>\n\n<style scope=\"scope\">\n\n<\/style>\n<\/div>\n      <\/div><!-- .section-content -->\n\n      \n<style scope=\"scope\">\n\n#section_223084860 {\n  padding-top: 60px;\n  padding-bottom: 60px;\n  min-height: 600px;\n  background-color: rgb(245, 245, 245);\n}\n#section_223084860 .section-bg.bg-loaded {\n  background-image: url(https:\/\/www.deheson.com\/coto_caza\/wp-content\/uploads\/2018\/09\/34220.jpg);\n}\n<\/style>\n  <\/section>\n  \n<div class=\"gap-element\" style=\"display:block; height:auto; padding-top:30px\" class=\"clearfix\"><\/div>\n  <section class=\"section dark\" id=\"section_853001020\">\n      <div class=\"bg section-bg fill bg-fill  \" >\n\n        \n        \n        \n        \n        \n        \n\n      <\/div><!-- .section-bg -->\n\n      <div class=\"section-content relative\">\n        \n<div class=\"row align-center\"  id=\"row-615058800\">\n<div class=\"col medium-10 small-12 large-10\"  ><div class=\"col-inner text-center\"  >\n<\/div><\/div>\n\n<style scope=\"scope\">\n\n<\/style>\n<\/div>\n      <\/div><!-- .section-content -->\n\n      \n<style scope=\"scope\">\n\n#section_853001020 {\n  padding-top: 60px;\n  padding-bottom: 60px;\n  min-height: 600px;\n  background-color: rgb(245, 245, 245);\n}\n#section_853001020 .section-bg.bg-loaded {\n  background-image: url(https:\/\/www.deheson.com\/coto_caza\/wp-content\/uploads\/2018\/08\/galery50.jpg);\n}\n<\/style>\n  <\/section>\n  \n","protected":false},"excerpt":{"rendered":"[vc_row][vc_column][rev_slider_vc alias=\u00bbslider12&#8243;][\/vc_column][\/vc_row]\n","protected":false},"author":1,"featured_media":0,"parent":0,"menu_order":0,"comment_status":"closed","ping_status":"closed","template":"page-transparent-header.php","meta":[],"_links":{"self":[{"href":"https:\/\/www.deheson.com\/coto_caza\/index.php\/wp-json\/wp\/v2\/pages\/19"}],"collection":[{"href":"https:\/\/www.deheson.com\/coto_caza\/index.php\/wp-json\/wp\/v2\/pages"}],"about":[{"href":"https:\/\/www.deheson.com\/coto_caza\/index.php\/wp-json\/wp\/v2\/types\/page"}],"author":[{"embeddable":true,"href":"https:\/\/www.deheson.com\/coto_caza\/index.php\/wp-json\/wp\/v2\/users\/1"}],"replies":[{"embeddable":true,"href":"https:\/\/www.deheson.com\/coto_caza\/index.php\/wp-json\/wp\/v2\/comments?post=19"}],"version-history":[{"count":62,"href":"https:\/\/www.deheson.com\/coto_caza\/index.php\/wp-json\/wp\/v2\/pages\/19\/revisions"}],"predecessor-version":[{"id":689,"href":"https:\/\/www.deheson.com\/coto_caza\/index.php\/wp-json\/wp\/v2\/pages\/19\/revisions\/689"}],"wp:attachment":[{"href":"https:\/\/www.deheson.com\/coto_caza\/index.php\/wp-json\/wp\/v2\/media?parent=19"}],"curies":[{"name":"wp","href":"https:\/\/api.w.org\/{rel}","templated":true}]}}