{"id":123,"date":"2018-07-24T08:06:48","date_gmt":"2018-07-24T08:06:48","guid":{"rendered":"https:\/\/www.deheson.com\/coto_caza\/?page_id=123"},"modified":"2018-09-07T17:08:58","modified_gmt":"2018-09-07T17:08:58","slug":"caza-en-mano","status":"publish","type":"page","link":"https:\/\/www.deheson.com\/coto_caza\/index.php\/caza-en-mano\/","title":{"rendered":"CAZA EN MANO"},"content":{"rendered":"[vc_row][vc_column]\n<div id=\"rev_slider_15_1_wrapper\" class=\"rev_slider_wrapper fullscreen-container\" data-source=\"gallery\" style=\"background:transparent;padding:0px;\">\n<!-- START REVOLUTION SLIDER 5.4.7.2 fullscreen mode -->\n\t<div id=\"rev_slider_15_1\" class=\"rev_slider fullscreenbanner\" style=\"display:none;\" data-version=\"5.4.7.2\">\n<ul>\t<!-- SLIDE  -->\n\t<li data-index=\"rs-15\" data-transition=\"fade\" data-slotamount=\"default\" data-hideafterloop=\"0\" data-hideslideonmobile=\"off\"  data-easein=\"default\" data-easeout=\"default\" data-masterspeed=\"300\"  data-delay=\"24110\"  data-rotate=\"0\"  data-saveperformance=\"off\"  data-title=\"Slide\" data-param1=\"\" data-param2=\"\" data-param3=\"\" data-param4=\"\" data-param5=\"\" data-param6=\"\" data-param7=\"\" data-param8=\"\" data-param9=\"\" data-param10=\"\" data-description=\"\">\n\t\t<!-- MAIN IMAGE -->\n\t\t<img src=\"https:\/\/www.deheson.com\/coto_caza\/wp-content\/uploads\/2018\/08\/foto_slider_10.jpg\"  alt=\"\" title=\"foto_slider_10\"  width=\"1920\" height=\"1080\" data-bgposition=\"center center\" data-bgfit=\"cover\" class=\"rev-slidebg\" data-no-retina>\n\t\t<!-- LAYERS -->\n\n\t\t<!-- BACKGROUND VIDEO LAYER -->\n\t\t<div class=\"rs-background-video-layer\" \n\t\t\tdata-forcerewind=\"on\" \n\t\t\tdata-volume=\"mute\" \n\t\t\tdata-videowidth=\"100%\" \n\t\t\tdata-videoheight=\"100%\" \n\t\t\tdata-videomp4=\"https:\/\/www.deheson.com\/coto_caza\/wp-content\/uploads\/2018\/08\/Video29.mp4\" \n\t\t\tdata-videopreload=\"auto\" \n\t\t\tdata-videoloop=\"none\" \n\t\t\tdata-forceCover=\"1\" \n\t\t\tdata-aspectratio=\"16:9\" \n\t\t\tdata-autoplay=\"true\" \n\t\t\tdata-autoplayonlyfirsttime=\"false\" \n><\/div>\t<\/li>\n<\/ul>\n<div class=\"tp-bannertimer tp-bottom\" style=\"visibility: hidden !important;\"><\/div>\t<\/div>\n<script>var htmlDiv = document.getElementById(\"rs-plugin-settings-inline-css\"); var htmlDivCss=\"\";\r\n\t\t\t\tif(htmlDiv) {\r\n\t\t\t\t\thtmlDiv.innerHTML = htmlDiv.innerHTML + htmlDivCss;\r\n\t\t\t\t}else{\r\n\t\t\t\t\tvar htmlDiv = document.createElement(\"div\");\r\n\t\t\t\t\thtmlDiv.innerHTML = \"<style>\" + htmlDivCss + \"<\/style>\";\r\n\t\t\t\t\tdocument.getElementsByTagName(\"head\")[0].appendChild(htmlDiv.childNodes[0]);\r\n\t\t\t\t}\r\n\t\t\t<\/script>\n\t\t<script type=\"text\/javascript\">\r\nif (setREVStartSize!==undefined) setREVStartSize(\r\n\t{c: '#rev_slider_15_1', gridwidth: [1240], gridheight: [868], sliderLayout: 'fullscreen', fullScreenAutoWidth:'off', fullScreenAlignForce:'off', fullScreenOffsetContainer:'', fullScreenOffset:''});\r\n\t\t\t\r\nvar revapi15,\r\n\ttpj;\t\r\n(function() {\t\t\t\r\n\tif (!\/loaded|interactive|complete\/.test(document.readyState)) document.addEventListener(\"DOMContentLoaded\",onLoad); else onLoad();\t\r\n\tfunction onLoad() {\t\t\t\t\r\n\t\tif (tpj===undefined) { tpj = jQuery; if(\"off\" == \"on\") tpj.noConflict();}\r\n\tif(tpj(\"#rev_slider_15_1\").revolution == undefined){\n\t\trevslider_showDoubleJqueryError(\"#rev_slider_15_1\");\n\t}else{\n\t\trevapi15 = tpj(\"#rev_slider_15_1\").show().revolution({\n\t\t\tsliderType:\"hero\",\n\t\t\tjsFileLocation:\"\/\/www.deheson.com\/coto_caza\/wp-content\/plugins\/revslider\/public\/assets\/js\/\",\n\t\t\tsliderLayout:\"fullscreen\",\n\t\t\tdottedOverlay:\"none\",\n\t\t\tdelay:9000,\n\t\t\tvisibilityLevels:[1240,1024,778,480],\n\t\t\tgridwidth:1240,\n\t\t\tgridheight:868,\n\t\t\tlazyType:\"none\",\n\t\t\tshadow:0,\n\t\t\tspinner:\"spinner0\",\n\t\t\tautoHeight:\"off\",\n\t\t\tfullScreenAutoWidth:\"off\",\n\t\t\tfullScreenAlignForce:\"off\",\n\t\t\tfullScreenOffsetContainer: \"\",\n\t\t\tfullScreenOffset: \"\",\n\t\t\tdisableProgressBar:\"on\",\n\t\t\thideThumbsOnMobile:\"off\",\n\t\t\thideSliderAtLimit:0,\n\t\t\thideCaptionAtLimit:0,\n\t\t\thideAllCaptionAtLilmit:0,\n\t\t\tdebugMode:false,\n\t\t\tfallbacks: {\n\t\t\t\tsimplifyAll:\"off\",\n\t\t\t\tdisableFocusListener:false,\n\t\t\t}\n\t\t});\n\t}; \/* END OF revapi call *\/\n\t\n }; \/* END OF ON LOAD FUNCTION *\/\r\n}()); \/* END OF WRAPPING FUNCTION *\/\r\n<\/script>\r\n\t\t<\/div><!-- END REVOLUTION SLIDER -->[\/vc_column][\/vc_row]\n<div class=\"gap-element\" style=\"display:block; height:auto; padding-top:30px\" class=\"clearfix\"><\/div>\n  <section class=\"section\" id=\"section_2083286017\">\n      <div class=\"bg section-bg fill bg-fill  \" >\n\n        \n        <div class=\"section-bg-overlay absolute fill\"><\/div>\n        \n        \n        \n        \n\n      <\/div><!-- .section-bg -->\n\n      <div class=\"section-content relative\">\n        \n<div class=\"row align-center\"  id=\"row-1441540450\">\n<div class=\"col medium-10 small-12 large-10\"  ><div class=\"col-inner text-center text-shadow-2 dark\"  >\n<h2 class=\"uppercase\">caza de perdiz roja espa\u00f1ola<\/h2>\n<p><span style=\"font-size: 140%;\">Desde los inicios, la familia Barcel\u00f3 ha contribuido a la cr\u00eda de la Perdiz Roja, siendo un referente a nivel nacional.<\/span><\/p>\n<\/div><\/div>\n\n<style scope=\"scope\">\n\n<\/style>\n<\/div>\n      <\/div><!-- .section-content -->\n\n      \n<style scope=\"scope\">\n\n#section_2083286017 {\n  padding-top: 60px;\n  padding-bottom: 60px;\n  min-height: 700px;\n  background-color: rgb(245, 245, 245);\n}\n#section_2083286017 .section-bg-overlay {\n  background-color: rgba(0,0,0,.5);\n}\n#section_2083286017 .section-bg.bg-loaded {\n  background-image: url(https:\/\/www.deheson.com\/coto_caza\/wp-content\/uploads\/2018\/08\/FOTO57-2.jpg);\n}\n<\/style>\n  <\/section>\n  \n  <section class=\"section dark has-mask mask-arrow\" id=\"section_1468829087\">\n      <div class=\"bg section-bg fill bg-fill  bg-loaded\" >\n\n        \n        <div class=\"section-bg-overlay absolute fill\"><\/div>\n        \n        \n        \n        \n\t<div class=\"is-border\"\n\t\tstyle=\"border-color:rgb(235, 235, 235);border-width:1px 0px 0px 0px;\">\n\t<\/div>\n\n      <\/div><!-- .section-bg -->\n\n      <div class=\"section-content relative\">\n        \n<div class=\"row\"  id=\"row-1245847587\">\n<div class=\"col medium-4 small-12 large-4\"  ><div class=\"col-inner text-shadow-2\"  >\n<h2 class=\"uppercase\">caza en mano<\/h2>\n<p>La caza en mano es aquella modalidad de caza practicada por varios cazadores conjuntamente, abiertos en ala y a una distancia aproximadamente equidistante generalmente ayudados por perros, con el objeto de batir el campo. Cada mano se compone com\u00fanmente de una partida de entre dos y seis cazadores.<\/p>\n<\/div><\/div>\n<div class=\"col medium-4 small-12 large-4\"  ><div class=\"col-inner text-shadow-2\"  >\n<p>Es una modalidad muy popular y generalizada que se practica para las diferentes especies de caza menor y que re\u00fane los alicientes de ser una caza en equipo y con perro, que adem\u00e1s requiere de un cierto esfuerzo f\u00edsico. Cuando se caza en mano, cuatro o cinco personas se deben colocar en l\u00ednea, a una distancia orientativa de 50 metros, para que haya hueco suficiente para el tiro, y a la vez sea dif\u00edcil que la caza se \u201ccuele\u201d entre los espacios que dejan los cazadores.<\/p>\n<\/div><\/div>\n<div class=\"col medium-4 small-12 large-4\"  ><div class=\"col-inner text-shadow-2\"  >\n<p>Lo adecuado suele ser coger una colina o ladera, y mantener a la persona que va m\u00e1s arriba adelantada, porque, normalmente las perdices que levante ir\u00e1n planeando desde lo alto hacia abajo. Un poco de paciencia y una buena organizaci\u00f3n llevar\u00e1n a buenos momentos de caza, una vez levantado un bando o varios individuos.<\/p>\n<\/div><\/div>\n<\/div>\n      <\/div><!-- .section-content -->\n\n      \n<style scope=\"scope\">\n\n#section_1468829087 {\n  padding-top: 59px;\n  padding-bottom: 59px;\n  min-height: 300px;\n  background-color: rgb(0, 0, 0);\n}\n#section_1468829087 .section-bg-overlay {\n  background-color: rgba(0, 0, 0, 0.4);\n}\n<\/style>\n  <\/section>\n  \n  <section class=\"section\" id=\"section_1383744815\">\n      <div class=\"bg section-bg fill bg-fill  \" >\n\n        \n        \n        \n        \n        \n        \n\n      <\/div><!-- .section-bg -->\n\n      <div class=\"section-content relative\">\n        \n<div class=\"row align-center\"  id=\"row-654277104\">\n<div class=\"col medium-10 small-12 large-10\"  ><div class=\"col-inner text-center text-shadow-2 dark\"  >\n<\/div><\/div>\n\n<style scope=\"scope\">\n\n<\/style>\n<\/div>\n      <\/div><!-- .section-content -->\n\n      \n<style scope=\"scope\">\n\n#section_1383744815 {\n  padding-top: 60px;\n  padding-bottom: 60px;\n  min-height: 700px;\n  background-color: rgb(245, 245, 245);\n}\n#section_1383744815 .section-bg.bg-loaded {\n  background-image: url(https:\/\/www.deheson.com\/coto_caza\/wp-content\/uploads\/2018\/08\/caza_en_mano_deheson.jpg);\n}\n<\/style>\n  <\/section>\n  \n<div class=\"gap-element\" style=\"display:block; height:auto; padding-top:30px\" class=\"clearfix\"><\/div>\n  <section class=\"section\" id=\"section_1881905382\">\n      <div class=\"bg section-bg fill bg-fill  \" >\n\n        \n        \n        \n        \n        \n        \n\n      <\/div><!-- .section-bg -->\n\n      <div class=\"section-content relative\">\n        \n<div class=\"row align-center\"  id=\"row-1649808710\">\n<div class=\"col medium-10 small-12 large-10\"  ><div class=\"col-inner text-center text-shadow-2 dark\"  >\n<\/div><\/div>\n\n<style scope=\"scope\">\n\n<\/style>\n<\/div>\n      <\/div><!-- .section-content -->\n\n      \n<style scope=\"scope\">\n\n#section_1881905382 {\n  padding-top: 60px;\n  padding-bottom: 60px;\n  min-height: 700px;\n  background-color: rgb(245, 245, 245);\n}\n#section_1881905382 .section-bg.bg-loaded {\n  background-image: url(https:\/\/www.deheson.com\/coto_caza\/wp-content\/uploads\/2018\/08\/FOTO45-2.jpg);\n}\n<\/style>\n  <\/section>\n  \n<div class=\"gap-element\" style=\"display:block; height:auto; padding-top:30px\" class=\"clearfix\"><\/div>\n  <section class=\"section\" id=\"section_728772922\">\n      <div class=\"bg section-bg fill bg-fill  \" >\n\n        \n        \n        \n        \n        \n        \n\n      <\/div><!-- .section-bg -->\n\n      <div class=\"section-content relative\">\n        \n<div class=\"row align-center\"  id=\"row-1200335377\">\n<div class=\"col medium-10 small-12 large-10\"  ><div class=\"col-inner text-center text-shadow-2 dark\"  >\n<\/div><\/div>\n\n<style scope=\"scope\">\n\n<\/style>\n<\/div>\n      <\/div><!-- .section-content -->\n\n      \n<style scope=\"scope\">\n\n#section_728772922 {\n  padding-top: 60px;\n  padding-bottom: 60px;\n  min-height: 700px;\n  background-color: rgb(245, 245, 245);\n}\n#section_728772922 .section-bg.bg-loaded {\n  background-image: url(https:\/\/www.deheson.com\/coto_caza\/wp-content\/uploads\/2018\/08\/PORTADA3.jpg);\n}\n<\/style>\n  <\/section>\n  \n<div class=\"gap-element\" style=\"display:block; height:auto; padding-top:30px\" class=\"clearfix\"><\/div>\n  <section class=\"section\" id=\"section_603353043\">\n      <div class=\"bg section-bg fill bg-fill  \" >\n\n        \n        \n        \n        \n        \n        \n\n      <\/div><!-- .section-bg -->\n\n      <div class=\"section-content relative\">\n        \n<div class=\"row align-center\"  id=\"row-1314718645\">\n<div class=\"col medium-10 small-12 large-10\"  ><div class=\"col-inner text-center text-shadow-2 dark\"  >\n<\/div><\/div>\n\n<style scope=\"scope\">\n\n<\/style>\n<\/div>\n      <\/div><!-- .section-content -->\n\n      \n<style scope=\"scope\">\n\n#section_603353043 {\n  padding-top: 60px;\n  padding-bottom: 60px;\n  min-height: 700px;\n  background-color: rgb(245, 245, 245);\n}\n#section_603353043 .section-bg.bg-loaded {\n  background-image: url(https:\/\/www.deheson.com\/coto_caza\/wp-content\/uploads\/2018\/08\/FOTO46-2.jpg);\n}\n<\/style>\n  <\/section>\n  \n","protected":false},"excerpt":{"rendered":"[vc_row][vc_column][\/vc_column][\/vc_row]\n","protected":false},"author":1,"featured_media":0,"parent":0,"menu_order":0,"comment_status":"closed","ping_status":"closed","template":"page-transparent-header.php","meta":[],"_links":{"self":[{"href":"https:\/\/www.deheson.com\/coto_caza\/index.php\/wp-json\/wp\/v2\/pages\/123"}],"collection":[{"href":"https:\/\/www.deheson.com\/coto_caza\/index.php\/wp-json\/wp\/v2\/pages"}],"about":[{"href":"https:\/\/www.deheson.com\/coto_caza\/index.php\/wp-json\/wp\/v2\/types\/page"}],"author":[{"embeddable":true,"href":"https:\/\/www.deheson.com\/coto_caza\/index.php\/wp-json\/wp\/v2\/users\/1"}],"replies":[{"embeddable":true,"href":"https:\/\/www.deheson.com\/coto_caza\/index.php\/wp-json\/wp\/v2\/comments?post=123"}],"version-history":[{"count":18,"href":"https:\/\/www.deheson.com\/coto_caza\/index.php\/wp-json\/wp\/v2\/pages\/123\/revisions"}],"predecessor-version":[{"id":855,"href":"https:\/\/www.deheson.com\/coto_caza\/index.php\/wp-json\/wp\/v2\/pages\/123\/revisions\/855"}],"wp:attachment":[{"href":"https:\/\/www.deheson.com\/coto_caza\/index.php\/wp-json\/wp\/v2\/media?parent=123"}],"curies":[{"name":"wp","href":"https:\/\/api.w.org\/{rel}","templated":true}]}}