{"id":111,"date":"2018-07-23T23:09:16","date_gmt":"2018-07-23T23:09:16","guid":{"rendered":"https:\/\/www.deheson.com\/coto_caza\/?page_id=111"},"modified":"2018-09-07T16:56:50","modified_gmt":"2018-09-07T16:56:50","slug":"home","status":"publish","type":"page","link":"https:\/\/www.deheson.com\/coto_caza\/index.php\/fr\/home\/","title":{"rendered":"HOME"},"content":{"rendered":"[vc_row][vc_column][rev_slider_vc alias=\u00bbslider1&#8243;][\/vc_column][\/vc_row]\n  <section class=\"section\" id=\"section_1820260644\">\n      <div class=\"bg section-bg fill bg-fill  bg-loaded\" >\n\n        \n        \n        \n        \n        \n        \n\n      <\/div><!-- .section-bg -->\n\n      <div class=\"section-content relative\">\n        \n<div class=\"row row-full-width align-center\"  id=\"row-1521441303\">\n<div class=\"col medium-11 small-12 large-11\"  ><div class=\"col-inner text-center\"  >\n<p><img loading=\"lazy\" class=\"alignnone size-full wp-image-96\" src=\"https:\/\/www.deheson.com\/coto_caza\/wp-content\/uploads\/2018\/07\/Logo-deheson-negro-350px.png\" alt=\"\" width=\"350\" height=\"98\" srcset=\"https:\/\/www.deheson.com\/coto_caza\/wp-content\/uploads\/2018\/07\/Logo-deheson-negro-350px.png 350w, https:\/\/www.deheson.com\/coto_caza\/wp-content\/uploads\/2018\/07\/Logo-deheson-negro-350px-300x84.png 300w\" sizes=\"(max-width: 350px) 100vw, 350px\" \/><\/p>\n<h2 class=\"uppercase\"><span id=\"result_box\" class=\"short_text\" lang=\"fr\"><span class=\"\">bienvenue \u00e0 Finca el dehes\u00f3n<\/span><\/span><\/h2>\n<p><span id=\"result_box\" class=\"\" lang=\"fr\"><span title=\"Con una superficie de aproximadamente 900 hect\u00e1reas de paisaje ondulado, intercaladas con grandes extensiones de Roble espa\u00f1ol, en lo profundo de la campi\u00f1a manchega, famosa por las historias de Don Quijote y perfecta para la soberbia Perdiz espa\u00f1ola, la finca de caza El Deheson fue fundada\">Avec une superficie d&#8217;environ 2000\/<em>has<\/em> de paysage vallonn\u00e9, parsem\u00e9 de grandes \u00e9tendues de ch\u00eane espagnol, en pleine campagne La Mancha, c\u00e9l\u00e8bre pour les histoires de Don Quichotte et parfait pour la fiert\u00e9 Perdiz espagnol, domaine de chasse Le Dehes\u00f3n a \u00e9t\u00e9 fond\u00e9e <\/span><span title=\"por D. Mariano Barcelo en 1972. Fue su deseo crear la finca deportiva privada m\u00e1s id\u00edlica que se pueda encontrar en cualquier lugar de Espa\u00f1a, donde pudiera entretener a sus invitados.\">par D. Mariano Barcelo en 1975. C&#8217;\u00e9tait son d\u00e9sir de cr\u00e9er le domaine sportif priv\u00e9 le plus idyllique que l&#8217;on puisse trouver n&#8217;importe o\u00f9 en Espagne, o\u00f9 il pourrait divertir ses invit\u00e9s. <\/span><span title=\"Su hospitalidad fue legendaria y el hotel privado de 14 habitaciones construido para ese prop\u00f3sito es testimonio de su visi\u00f3n y sin ning\u00fan costo para cumplir con su ambici\u00f3n.\">Son hospitalit\u00e9 \u00e9tait l\u00e9gendaire et l\u2019h\u00f4tel priv\u00e9 de 14 chambres construit \u00e0 cet effet t\u00e9moigne de sa vision et de son ambition. <\/span><span title=\"Los invitados disfrutan de excelentes disparos: perdiz, jabal\u00ed, ciervo rojo y mucho m\u00e1s, todo ello complementado con una excelente gastronom\u00eda y excelentes vinos.\">Les invit\u00e9s appr\u00e9cient d&#8217;excellents clich\u00e9s: perdrix, le tout accompagn\u00e9 d&#8217;une excellente cuisine et d&#8217;excellents vins. <\/span><span title=\"La experiencia resulta un placer absoluto de principio a fin.\n\">L&#8217;exp\u00e9rience est un plaisir absolu du d\u00e9but \u00e0 la fin.<br \/><\/span><span title=\"Hoy, la familia Barcel\u00f3, ha continuado haci\u00e9ndose cargo de la tarea y de la experiencia de El Dehes\u00f3n.\">Aujourd&#8217;hui, la famille Barcel\u00f3 a continu\u00e9 \u00e0 prendre en charge la t\u00e2che et l&#8217;exp\u00e9rience d&#8217;El Dehes\u00f3n. <\/span><span title=\"Ahora est\u00e1 abierto a todos los cazadores que desean probar el mismo esplendor de los d\u00edas pasados.\">Maintenant, il est ouvert \u00e0 tous les chasseurs qui souhaitent essayer la m\u00eame splendeur d&#8217;antan.<\/span><\/span><\/p>\n<p>\u00a0<\/p>\n<\/div><\/div>\n\n<style scope=\"scope\">\n\n<\/style>\n<\/div>\n      <\/div><!-- .section-content -->\n\n      \n<style scope=\"scope\">\n\n#section_1820260644 {\n  padding-top: 16px;\n  padding-bottom: 16px;\n  min-height: 280px;\n}\n<\/style>\n  <\/section>\n  \n\n  <div class=\"banner has-hover\" id=\"banner-298305948\">\n          <div class=\"banner-inner fill\">\n        <div class=\"banner-bg fill\" >\n            <div class=\"bg fill bg-fill \"><\/div>\n                        <div class=\"overlay\"><\/div>            \n                    <\/div><!-- bg-layers -->\n        <div class=\"banner-layers container\">\n            <div class=\"fill banner-link\"><\/div>            \n   <div id=\"text-box-1237217626\" class=\"text-box banner-layer x50 md-x50 lg-x50 y50 md-y50 lg-y50 res-text\">\n                                <div class=\"text dark text-shadow-2\">\n              \n              <div class=\"text-inner text-center\">\n                  \n<h3 class=\"uppercase\"><strong><span id=\"result_box\" class=\"\" lang=\"fr\"><span class=\"\">LA FERME<\/span><\/span><\/strong><\/h3>\n<p><span style=\"font-size: 140%;\"><strong><span id=\"result_box\" class=\"\" lang=\"fr\"><span class=\"\">Finca El Dehes\u00f3n est situ\u00e9e dans la province d&#8217;Albacete, entour\u00e9e par les champs spectaculaires de Castilla La Mancha.<\/span><\/span><\/strong><\/span><\/p>\n              <\/div>\n           <\/div><!-- text-box-inner -->\n                            \n<style scope=\"scope\">\n\n#text-box-1237217626 {\n  width: 60%;\n}\n#text-box-1237217626 .text {\n  font-size: 100%;\n}\n<\/style>\n    <\/div><!-- text-box -->\n \n        <\/div><!-- .banner-layers -->\n      <\/div><!-- .banner-inner -->\n\n            \n<style scope=\"scope\">\n\n#banner-298305948 {\n  padding-top: 500px;\n}\n#banner-298305948 .bg.bg-loaded {\n  background-image: url(https:\/\/www.deheson.com\/coto_caza\/wp-content\/uploads\/2018\/07\/PORTADA1.jpg);\n}\n#banner-298305948 .overlay {\n  background-color: rgba(0,0,0,.5);\n}\n<\/style>\n  <\/div><!-- .banner -->\n\n\n<div class=\"gap-element\" style=\"display:block; height:auto; padding-top:30px\" class=\"clearfix\"><\/div>\n\n  <div class=\"banner has-hover\" id=\"banner-1774090475\">\n          <div class=\"banner-inner fill\">\n        <div class=\"banner-bg fill\" >\n            <div class=\"bg fill bg-fill \"><\/div>\n                        <div class=\"overlay\"><\/div>            \n                    <\/div><!-- bg-layers -->\n        <div class=\"banner-layers container\">\n            <div class=\"fill banner-link\"><\/div>            \n   <div id=\"text-box-56946646\" class=\"text-box banner-layer x50 md-x50 lg-x50 y50 md-y50 lg-y50 res-text\">\n                                <div class=\"text dark text-shadow-2\">\n              \n              <div class=\"text-inner text-center\">\n                  \n<h3 class=\"uppercase\"><strong><span id=\"result_box\" class=\"short_text\" lang=\"fr\"><span class=\"\">PARTY HUNT<\/span><\/span><\/strong><\/h3>\n<p><span style=\"font-size: 140%;\"><span id=\"result_box\" class=\"\" lang=\"fr\"><span class=\"\">Nous pouvons fournir des jours de chasse de 250 \u00e0 1000 perdrix.<\/span><\/span><\/span><\/p>\n              <\/div>\n           <\/div><!-- text-box-inner -->\n                            \n<style scope=\"scope\">\n\n#text-box-56946646 {\n  width: 60%;\n}\n#text-box-56946646 .text {\n  font-size: 100%;\n}\n<\/style>\n    <\/div><!-- text-box -->\n \n        <\/div><!-- .banner-layers -->\n      <\/div><!-- .banner-inner -->\n\n            \n<style scope=\"scope\">\n\n#banner-1774090475 {\n  padding-top: 500px;\n}\n#banner-1774090475 .bg.bg-loaded {\n  background-image: url(https:\/\/www.deheson.com\/coto_caza\/wp-content\/uploads\/2018\/07\/PORTADA5.jpg);\n}\n#banner-1774090475 .overlay {\n  background-color: rgba(0,0,0,.5);\n}\n<\/style>\n  <\/div><!-- .banner -->\n\n\n<div class=\"gap-element\" style=\"display:block; height:auto; padding-top:30px\" class=\"clearfix\"><\/div>\n\n  <div class=\"banner has-hover\" id=\"banner-1307768709\">\n          <div class=\"banner-inner fill\">\n        <div class=\"banner-bg fill\" >\n            <div class=\"bg fill bg-fill \"><\/div>\n                        <div class=\"overlay\"><\/div>            \n                    <\/div><!-- bg-layers -->\n        <div class=\"banner-layers container\">\n            <div class=\"fill banner-link\"><\/div>            \n   <div id=\"text-box-20835073\" class=\"text-box banner-layer x50 md-x50 lg-x50 y50 md-y50 lg-y50 res-text\">\n                                <div class=\"text dark text-shadow-2\">\n              \n              <div class=\"text-inner text-center\">\n                  \n<h3 class=\"uppercase\"><strong>HOTEL LOS CAZADORES<br \/><\/strong><\/h3>\n<p><strong><span style=\"font-size: 140%;\"><span id=\"result_box\" class=\"\" lang=\"fr\"><span class=\"\">Tous les services n\u00e9cessaires pour que le chasseur se sente \u00e0 l&#8217;aise et que l&#8217;exp\u00e9rience soit la plus agr\u00e9able possible.<\/span><\/span><\/span><\/strong><\/p>\n              <\/div>\n           <\/div><!-- text-box-inner -->\n                            \n<style scope=\"scope\">\n\n#text-box-20835073 {\n  width: 60%;\n}\n#text-box-20835073 .text {\n  font-size: 100%;\n}\n<\/style>\n    <\/div><!-- text-box -->\n \n        <\/div><!-- .banner-layers -->\n      <\/div><!-- .banner-inner -->\n\n            \n<style scope=\"scope\">\n\n#banner-1307768709 {\n  padding-top: 500px;\n}\n#banner-1307768709 .bg.bg-loaded {\n  background-image: url(https:\/\/www.deheson.com\/coto_caza\/wp-content\/uploads\/2018\/07\/PORTADA2.jpg);\n}\n#banner-1307768709 .overlay {\n  background-color: rgba(0,0,0,.5);\n}\n<\/style>\n  <\/div><!-- .banner -->\n\n\n<div class=\"gap-element\" style=\"display:block; height:auto; padding-top:30px\" class=\"clearfix\"><\/div>\n\n  <div class=\"banner has-hover\" id=\"banner-30489285\">\n          <div class=\"banner-inner fill\">\n        <div class=\"banner-bg fill\" >\n            <div class=\"bg fill bg-fill \"><\/div>\n                        <div class=\"overlay\"><\/div>            \n                    <\/div><!-- bg-layers -->\n        <div class=\"banner-layers container\">\n            <div class=\"fill banner-link\"><\/div>            \n   <div id=\"text-box-1315148947\" class=\"text-box banner-layer x50 md-x50 lg-x50 y50 md-y50 lg-y50 res-text\">\n                                <div class=\"text dark text-shadow-2\">\n              \n              <div class=\"text-inner text-center\">\n                  \n<h3 class=\"uppercase\"><strong><span id=\"result_box\" class=\"\" lang=\"fr\"><span class=\"\">passion pour la chasse<\/span><\/span><\/strong><\/h3>\n<p><strong><span style=\"font-size: 140%;\"><span id=\"result_box\" class=\"\" lang=\"fr\"><span class=\"\">Depuis 1975, offrir chaque ann\u00e9e un service personnalis\u00e9 \u00e0 chaque chasseur qui nous rend visite.<\/span><\/span><\/span><\/strong><\/p>\n              <\/div>\n           <\/div><!-- text-box-inner -->\n                            \n<style scope=\"scope\">\n\n#text-box-1315148947 {\n  width: 60%;\n}\n#text-box-1315148947 .text {\n  font-size: 100%;\n}\n<\/style>\n    <\/div><!-- text-box -->\n \n        <\/div><!-- .banner-layers -->\n      <\/div><!-- .banner-inner -->\n\n            \n<style scope=\"scope\">\n\n#banner-30489285 {\n  padding-top: 500px;\n}\n#banner-30489285 .bg.bg-loaded {\n  background-image: url(https:\/\/www.deheson.com\/coto_caza\/wp-content\/uploads\/2018\/07\/portada20.jpg);\n}\n#banner-30489285 .overlay {\n  background-color: rgba(0,0,0,.5);\n}\n<\/style>\n  <\/div><!-- .banner -->\n\n\n  <section class=\"section dark has-mask mask-arrow\" id=\"section_954264582\">\n      <div class=\"bg section-bg fill bg-fill  bg-loaded\" >\n\n        \n        <div class=\"section-bg-overlay absolute fill\"><\/div>\n        \n        \n        \n        \n\t<div class=\"is-border\"\n\t\tstyle=\"border-color:rgb(235, 235, 235);border-width:1px 0px 0px 0px;\">\n\t<\/div>\n\n      <\/div><!-- .section-bg -->\n\n      <div class=\"section-content relative\">\n        \n<div class=\"row\"  id=\"row-524019294\">\n<div class=\"col medium-4 small-12 large-4\"  ><div class=\"col-inner text-shadow-2\"  >\n<h2 class=\"uppercase\"><span id=\"result_box\" class=\"short_text\" lang=\"fr\">le champ, notre monde. <span class=\"\">LA CHASSE, NOTRE PASSION.<\/span><\/span><\/h2>\n<p><span id=\"result_box\" class=\"\" lang=\"fr\"><span class=\"\">Le Deheson offre \u00e0 ses clients des exp\u00e9riences de chasse sur mesure, adapt\u00e9es aux besoins individuels de chaque chasseur.<\/span> <span class=\"\">En g\u00e9n\u00e9ral, le forfait tout compris comprend le transport priv\u00e9 depuis et vers les a\u00e9roports de Madrid ou d\u2019Alicante jusqu\u2019\u00e0 Finca El Deheson.<\/span> <span class=\"\">Toujours avec le meilleur traitement de notre service.<\/span><\/span><\/p>\n<\/div><\/div>\n<div class=\"col medium-4 small-12 large-4\"  ><div class=\"col-inner text-shadow-2\"  >\n<p><span id=\"result_box\" class=\"\" lang=\"fr\">H\u00e9bergement avec salle de bain priv\u00e9e pour chaque chasseur. <span class=\"\">Les jours de decaza incluent la nourriture, les boissons, le vin, la bi\u00e8re, les liqueurs, etc., pendant le s\u00e9jour.<\/span> <span class=\"\">Utilisation de fusils et de fusils de notre vaste arsenal pour ceux qui ne souhaitent pas apporter leurs propres armes.<\/span> <span class=\"\">Cartouches et munitions de qualit\u00e9, illimit\u00e9es.<\/span> <span class=\"\">Fourniture de chargeur (secr\u00e9taire) pour chaque arme (quotidiennement).<\/span> <span class=\"\">Toutes les licences de tir n\u00e9cessaires et s\u00fbres.<\/span><\/span><\/p>\n<\/div><\/div>\n<div class=\"col medium-4 small-12 large-4\"  ><div class=\"col-inner text-shadow-2\"  >\n<p><span id=\"result_box\" class=\"\" lang=\"fr\">Nous servons des \u00e9quipes de 8 \u00e0 10 chasseurs et nous accueillons les \u00e9pouses \/ couples avec leurs fils et leurs filles s&#8217;ils le souhaitent.<\/p>\n<p>Vivre l&#8217;exp\u00e9rience de la chasse \u00e0 la Finca El Dehes\u00f3n nous rend particuli\u00e8rement fiers du r\u00e9sultat des diff\u00e9rents jours de chasse que nous c\u00e9l\u00e9brons ann\u00e9e apr\u00e8s ann\u00e9e. <span class=\"\">Une exp\u00e9rience unique avec tous les d\u00e9tails et tout le confort pour que le client se sente chez lui.<\/span><\/span><\/p>\n<\/div><\/div>\n<\/div>\n      <\/div><!-- .section-content -->\n\n      \n<style scope=\"scope\">\n\n#section_954264582 {\n  padding-top: 59px;\n  padding-bottom: 59px;\n  min-height: 300px;\n  background-color: rgb(0, 0, 0);\n}\n#section_954264582 .section-bg-overlay {\n  background-color: rgba(0, 0, 0, 0.4);\n}\n<\/style>\n  <\/section>\n  \n","protected":false},"excerpt":{"rendered":"[vc_row][vc_column][rev_slider_vc alias=\u00bbslider1&#8243;][\/vc_column][\/vc_row]\n","protected":false},"author":1,"featured_media":0,"parent":0,"menu_order":0,"comment_status":"closed","ping_status":"closed","template":"page-transparent-header.php","meta":[],"_links":{"self":[{"href":"https:\/\/www.deheson.com\/coto_caza\/index.php\/wp-json\/wp\/v2\/pages\/111"}],"collection":[{"href":"https:\/\/www.deheson.com\/coto_caza\/index.php\/wp-json\/wp\/v2\/pages"}],"about":[{"href":"https:\/\/www.deheson.com\/coto_caza\/index.php\/wp-json\/wp\/v2\/types\/page"}],"author":[{"embeddable":true,"href":"https:\/\/www.deheson.com\/coto_caza\/index.php\/wp-json\/wp\/v2\/users\/1"}],"replies":[{"embeddable":true,"href":"https:\/\/www.deheson.com\/coto_caza\/index.php\/wp-json\/wp\/v2\/comments?post=111"}],"version-history":[{"count":18,"href":"https:\/\/www.deheson.com\/coto_caza\/index.php\/wp-json\/wp\/v2\/pages\/111\/revisions"}],"predecessor-version":[{"id":852,"href":"https:\/\/www.deheson.com\/coto_caza\/index.php\/wp-json\/wp\/v2\/pages\/111\/revisions\/852"}],"wp:attachment":[{"href":"https:\/\/www.deheson.com\/coto_caza\/index.php\/wp-json\/wp\/v2\/media?parent=111"}],"curies":[{"name":"wp","href":"https:\/\/api.w.org\/{rel}","templated":true}]}}